{"id":113,"date":"2022-02-04T13:39:18","date_gmt":"2022-02-04T13:39:18","guid":{"rendered":"https:\/\/urskadomen.com\/en\/?page_id=113"},"modified":"2022-05-18T15:27:28","modified_gmt":"2022-05-18T15:27:28","slug":"mentoring","status":"publish","type":"page","link":"https:\/\/urskadomen.com\/si\/akademija\/mentoring\/","title":{"rendered":"Mentoring"},"content":{"rendered":"\n<p class=\"wp-block-flo-flo-flex-builder flo-render\"><\/p>\n\n\n\n<p class=\"wp-block-flo-flo-flex-builder flo-render\"><\/p>\n\n\n\n<p class=\"wp-block-flo-flo-flex-builder flo-render\"><\/p>\n","protected":false},"excerpt":{"rendered":"","protected":false},"author":2,"featured_media":0,"parent":21,"menu_order":0,"comment_status":"closed","ping_status":"closed","template":"","meta":{"_acf_changed":false,"_kad_blocks_custom_css":"","_kad_blocks_head_custom_js":"","_kad_blocks_body_custom_js":"","_kad_blocks_footer_custom_js":"","_kadence_starter_templates_imported_post":false,"_kad_post_transparent":"","_kad_post_title":"","_kad_post_layout":"","_kad_post_sidebar_id":"","_kad_post_content_style":"","_kad_post_vertical_padding":"","_kad_post_feature":"","_kad_post_feature_position":"","_kad_post_header":false,"_kad_post_footer":false,"_kad_post_classname":"","footnotes":""},"folder":[195],"class_list":["post-113","page","type-page","status-publish","hentry"],"acf":[],"yoast_head":"<!-- This site is optimized with the Yoast SEO plugin v27.1.1 - https:\/\/yoast.com\/product\/yoast-seo-wordpress\/ -->\n<title>Mentoring za poro\u010dne fotografe in poro\u010dne ponudnike | Ur\u0161ka &amp; Domen<\/title>\n<meta name=\"description\" content=\"Mentoring za poro\u010dne fotografe in poro\u010dne ponudnike s strani internacionalno nagrajenih poro\u010dnih fotografov Ur\u0161ka &amp; Domen.\" \/>\n<meta name=\"robots\" content=\"index, follow, max-snippet:-1, max-image-preview:large, max-video-preview:-1\" \/>\n<link rel=\"canonical\" href=\"https:\/\/urskadomen.com\/si\/akademija\/mentoring\/\" \/>\n<meta property=\"og:locale\" content=\"sl_SI\" \/>\n<meta property=\"og:type\" content=\"article\" \/>\n<meta property=\"og:title\" content=\"Mentoring za poro\u010dne fotografe in poro\u010dne ponudnike | Ur\u0161ka &amp; Domen\" \/>\n<meta property=\"og:description\" content=\"Mentoring za poro\u010dne fotografe in poro\u010dne ponudnike s strani internacionalno nagrajenih poro\u010dnih fotografov Ur\u0161ka &amp; Domen.\" \/>\n<meta property=\"og:url\" content=\"https:\/\/urskadomen.com\/si\/akademija\/mentoring\/\" \/>\n<meta property=\"og:site_name\" content=\"POROKE SPLETNA STRAN BLOG\" \/>\n<meta property=\"article:modified_time\" content=\"2022-05-18T15:27:28+00:00\" \/>\n<meta name=\"twitter:card\" content=\"summary_large_image\" \/>\n<script type=\"application\/ld+json\" class=\"yoast-schema-graph\">{\"@context\":\"https:\/\/schema.org\",\"@graph\":[{\"@type\":\"WebPage\",\"@id\":\"https:\/\/urskadomen.com\/si\/akademija\/mentoring\/\",\"url\":\"https:\/\/urskadomen.com\/si\/akademija\/mentoring\/\",\"name\":\"Mentoring za poro\u010dne fotografe in poro\u010dne ponudnike | Ur\u0161ka & Domen\",\"isPartOf\":{\"@id\":\"https:\/\/urskadomen.com\/si\/#website\"},\"datePublished\":\"2022-02-04T13:39:18+00:00\",\"dateModified\":\"2022-05-18T15:27:28+00:00\",\"description\":\"Mentoring za poro\u010dne fotografe in poro\u010dne ponudnike s strani internacionalno nagrajenih poro\u010dnih fotografov Ur\u0161ka & Domen.\",\"breadcrumb\":{\"@id\":\"https:\/\/urskadomen.com\/si\/akademija\/mentoring\/#breadcrumb\"},\"inLanguage\":\"sl-SI\",\"potentialAction\":[{\"@type\":\"ReadAction\",\"target\":[\"https:\/\/urskadomen.com\/si\/akademija\/mentoring\/\"]}]},{\"@type\":\"BreadcrumbList\",\"@id\":\"https:\/\/urskadomen.com\/si\/akademija\/mentoring\/#breadcrumb\",\"itemListElement\":[{\"@type\":\"ListItem\",\"position\":1,\"name\":\"Home\",\"item\":\"https:\/\/urskadomen.com\/si\/\"},{\"@type\":\"ListItem\",\"position\":2,\"name\":\"Akademija\",\"item\":\"https:\/\/urskadomen.com\/si\/akademija\/\"},{\"@type\":\"ListItem\",\"position\":3,\"name\":\"Mentoring\"}]},{\"@type\":\"WebSite\",\"@id\":\"https:\/\/urskadomen.com\/si\/#website\",\"url\":\"https:\/\/urskadomen.com\/si\/\",\"name\":\"POROKE SPLETNA STRAN BLOG\",\"description\":\"Ur\u0161ka &amp; Domen Photography\",\"publisher\":{\"@id\":\"https:\/\/urskadomen.com\/si\/#organization\"},\"potentialAction\":[{\"@type\":\"SearchAction\",\"target\":{\"@type\":\"EntryPoint\",\"urlTemplate\":\"https:\/\/urskadomen.com\/si\/?s={search_term_string}\"},\"query-input\":{\"@type\":\"PropertyValueSpecification\",\"valueRequired\":true,\"valueName\":\"search_term_string\"}}],\"inLanguage\":\"sl-SI\"},{\"@type\":\"Organization\",\"@id\":\"https:\/\/urskadomen.com\/si\/#organization\",\"name\":\"POROKE SPLETNA STRAN BLOG\",\"url\":\"https:\/\/urskadomen.com\/si\/\",\"logo\":{\"@type\":\"ImageObject\",\"inLanguage\":\"sl-SI\",\"@id\":\"https:\/\/urskadomen.com\/si\/#\/schema\/logo\/image\/\",\"url\":\"\",\"contentUrl\":\"\",\"caption\":\"POROKE SPLETNA STRAN BLOG\"},\"image\":{\"@id\":\"https:\/\/urskadomen.com\/si\/#\/schema\/logo\/image\/\"}}]}<\/script>\n<!-- \/ Yoast SEO plugin. -->","yoast_head_json":{"title":"Mentoring za poro\u010dne fotografe in poro\u010dne ponudnike | Ur\u0161ka & Domen","description":"Mentoring za poro\u010dne fotografe in poro\u010dne ponudnike s strani internacionalno nagrajenih poro\u010dnih fotografov Ur\u0161ka & Domen.","robots":{"index":"index","follow":"follow","max-snippet":"max-snippet:-1","max-image-preview":"max-image-preview:large","max-video-preview":"max-video-preview:-1"},"canonical":"https:\/\/urskadomen.com\/si\/akademija\/mentoring\/","og_locale":"sl_SI","og_type":"article","og_title":"Mentoring za poro\u010dne fotografe in poro\u010dne ponudnike | Ur\u0161ka & Domen","og_description":"Mentoring za poro\u010dne fotografe in poro\u010dne ponudnike s strani internacionalno nagrajenih poro\u010dnih fotografov Ur\u0161ka & Domen.","og_url":"https:\/\/urskadomen.com\/si\/akademija\/mentoring\/","og_site_name":"POROKE SPLETNA STRAN BLOG","article_modified_time":"2022-05-18T15:27:28+00:00","twitter_card":"summary_large_image","schema":{"@context":"https:\/\/schema.org","@graph":[{"@type":"WebPage","@id":"https:\/\/urskadomen.com\/si\/akademija\/mentoring\/","url":"https:\/\/urskadomen.com\/si\/akademija\/mentoring\/","name":"Mentoring za poro\u010dne fotografe in poro\u010dne ponudnike | Ur\u0161ka & Domen","isPartOf":{"@id":"https:\/\/urskadomen.com\/si\/#website"},"datePublished":"2022-02-04T13:39:18+00:00","dateModified":"2022-05-18T15:27:28+00:00","description":"Mentoring za poro\u010dne fotografe in poro\u010dne ponudnike s strani internacionalno nagrajenih poro\u010dnih fotografov Ur\u0161ka & Domen.","breadcrumb":{"@id":"https:\/\/urskadomen.com\/si\/akademija\/mentoring\/#breadcrumb"},"inLanguage":"sl-SI","potentialAction":[{"@type":"ReadAction","target":["https:\/\/urskadomen.com\/si\/akademija\/mentoring\/"]}]},{"@type":"BreadcrumbList","@id":"https:\/\/urskadomen.com\/si\/akademija\/mentoring\/#breadcrumb","itemListElement":[{"@type":"ListItem","position":1,"name":"Home","item":"https:\/\/urskadomen.com\/si\/"},{"@type":"ListItem","position":2,"name":"Akademija","item":"https:\/\/urskadomen.com\/si\/akademija\/"},{"@type":"ListItem","position":3,"name":"Mentoring"}]},{"@type":"WebSite","@id":"https:\/\/urskadomen.com\/si\/#website","url":"https:\/\/urskadomen.com\/si\/","name":"POROKE SPLETNA STRAN BLOG","description":"Ur\u0161ka &amp; Domen Photography","publisher":{"@id":"https:\/\/urskadomen.com\/si\/#organization"},"potentialAction":[{"@type":"SearchAction","target":{"@type":"EntryPoint","urlTemplate":"https:\/\/urskadomen.com\/si\/?s={search_term_string}"},"query-input":{"@type":"PropertyValueSpecification","valueRequired":true,"valueName":"search_term_string"}}],"inLanguage":"sl-SI"},{"@type":"Organization","@id":"https:\/\/urskadomen.com\/si\/#organization","name":"POROKE SPLETNA STRAN BLOG","url":"https:\/\/urskadomen.com\/si\/","logo":{"@type":"ImageObject","inLanguage":"sl-SI","@id":"https:\/\/urskadomen.com\/si\/#\/schema\/logo\/image\/","url":"","contentUrl":"","caption":"POROKE SPLETNA STRAN BLOG"},"image":{"@id":"https:\/\/urskadomen.com\/si\/#\/schema\/logo\/image\/"}}]}},"taxonomy_info":[],"featured_image_src_large":false,"author_info":{"display_name":"Urska","author_link":"https:\/\/urskadomen.com\/si\/author\/urska\/"},"comment_info":0,"_links":{"self":[{"href":"https:\/\/urskadomen.com\/si\/wp-json\/wp\/v2\/pages\/113","targetHints":{"allow":["GET"]}}],"collection":[{"href":"https:\/\/urskadomen.com\/si\/wp-json\/wp\/v2\/pages"}],"about":[{"href":"https:\/\/urskadomen.com\/si\/wp-json\/wp\/v2\/types\/page"}],"author":[{"embeddable":true,"href":"https:\/\/urskadomen.com\/si\/wp-json\/wp\/v2\/users\/2"}],"replies":[{"embeddable":true,"href":"https:\/\/urskadomen.com\/si\/wp-json\/wp\/v2\/comments?post=113"}],"version-history":[{"count":18,"href":"https:\/\/urskadomen.com\/si\/wp-json\/wp\/v2\/pages\/113\/revisions"}],"predecessor-version":[{"id":53854,"href":"https:\/\/urskadomen.com\/si\/wp-json\/wp\/v2\/pages\/113\/revisions\/53854"}],"up":[{"embeddable":true,"href":"https:\/\/urskadomen.com\/si\/wp-json\/wp\/v2\/pages\/21"}],"wp:attachment":[{"href":"https:\/\/urskadomen.com\/si\/wp-json\/wp\/v2\/media?parent=113"}],"wp:term":[{"taxonomy":"folder","embeddable":true,"href":"https:\/\/urskadomen.com\/si\/wp-json\/wp\/v2\/folder?post=113"}],"curies":[{"name":"wp","href":"https:\/\/api.w.org\/{rel}","templated":true}]}}