{"id":19,"date":"2022-02-22T10:36:25","date_gmt":"2022-02-22T10:36:25","guid":{"rendered":"https:\/\/urskadomen.com\/en\/?page_id=19"},"modified":"2022-05-11T15:30:11","modified_gmt":"2022-05-11T15:30:11","slug":"kontakt","status":"publish","type":"page","link":"https:\/\/urskadomen.com\/si\/home\/kontakt\/","title":{"rendered":"Kontakt"},"content":{"rendered":"\r\n<p class=\"wp-block-flo-flo-flex-builder flo-render\"><\/p>\r\n\r\n\r\n\r\n<p class=\"wp-block-flo-flo-flex-builder flo-render\"><\/p>\r\n\r\n\r\n\r\n<p class=\"wp-block-flo-flo-flex-builder flo-render\"><\/p>\r\n","protected":false},"excerpt":{"rendered":"","protected":false},"author":2,"featured_media":0,"parent":51729,"menu_order":0,"comment_status":"closed","ping_status":"closed","template":"","meta":{"_acf_changed":false,"_kad_blocks_custom_css":"","_kad_blocks_head_custom_js":"","_kad_blocks_body_custom_js":"","_kad_blocks_footer_custom_js":"","_kadence_starter_templates_imported_post":false,"_kad_post_transparent":"","_kad_post_title":"","_kad_post_layout":"","_kad_post_sidebar_id":"","_kad_post_content_style":"","_kad_post_vertical_padding":"","_kad_post_feature":"","_kad_post_feature_position":"","_kad_post_header":false,"_kad_post_footer":false,"_kad_post_classname":"","footnotes":""},"folder":[195],"class_list":["post-19","page","type-page","status-publish","hentry"],"acf":[],"yoast_head":"<!-- This site is optimized with the Yoast SEO plugin v27.1.1 - https:\/\/yoast.com\/product\/yoast-seo-wordpress\/ -->\n<title>Kontakt | Izobra\u017eevalne vsebine za poro\u010dne fotografe<\/title>\n<meta name=\"description\" content=\"Ur\u0161ka in Domen sta internacionalno nagrajena poro\u010dna fotografa, ki ustvarjata izobra\u017eevalne vsebine za poro\u010dne fotografe in poro\u010dne ponudnike.\" \/>\n<meta name=\"robots\" content=\"index, follow, max-snippet:-1, max-image-preview:large, max-video-preview:-1\" \/>\n<link rel=\"canonical\" href=\"https:\/\/urskadomen.com\/si\/home\/kontakt\/\" \/>\n<meta property=\"og:locale\" content=\"sl_SI\" \/>\n<meta property=\"og:type\" content=\"article\" \/>\n<meta property=\"og:title\" content=\"Kontakt | Izobra\u017eevalne vsebine za poro\u010dne fotografe\" \/>\n<meta property=\"og:description\" content=\"Ur\u0161ka in Domen sta internacionalno nagrajena poro\u010dna fotografa, ki ustvarjata izobra\u017eevalne vsebine za poro\u010dne fotografe in poro\u010dne ponudnike.\" \/>\n<meta property=\"og:url\" content=\"https:\/\/urskadomen.com\/si\/home\/kontakt\/\" \/>\n<meta property=\"og:site_name\" content=\"POROKE SPLETNA STRAN BLOG\" \/>\n<meta property=\"article:modified_time\" content=\"2022-05-11T15:30:11+00:00\" \/>\n<meta name=\"twitter:card\" content=\"summary_large_image\" \/>\n<script type=\"application\/ld+json\" class=\"yoast-schema-graph\">{\"@context\":\"https:\/\/schema.org\",\"@graph\":[{\"@type\":\"WebPage\",\"@id\":\"https:\/\/urskadomen.com\/si\/home\/kontakt\/\",\"url\":\"https:\/\/urskadomen.com\/si\/home\/kontakt\/\",\"name\":\"Kontakt | Izobra\u017eevalne vsebine za poro\u010dne fotografe\",\"isPartOf\":{\"@id\":\"https:\/\/urskadomen.com\/si\/#website\"},\"datePublished\":\"2022-02-22T10:36:25+00:00\",\"dateModified\":\"2022-05-11T15:30:11+00:00\",\"description\":\"Ur\u0161ka in Domen sta internacionalno nagrajena poro\u010dna fotografa, ki ustvarjata izobra\u017eevalne vsebine za poro\u010dne fotografe in poro\u010dne ponudnike.\",\"breadcrumb\":{\"@id\":\"https:\/\/urskadomen.com\/si\/home\/kontakt\/#breadcrumb\"},\"inLanguage\":\"sl-SI\",\"potentialAction\":[{\"@type\":\"ReadAction\",\"target\":[\"https:\/\/urskadomen.com\/si\/home\/kontakt\/\"]}]},{\"@type\":\"BreadcrumbList\",\"@id\":\"https:\/\/urskadomen.com\/si\/home\/kontakt\/#breadcrumb\",\"itemListElement\":[{\"@type\":\"ListItem\",\"position\":1,\"name\":\"Home\",\"item\":\"https:\/\/urskadomen.com\/si\/\"},{\"@type\":\"ListItem\",\"position\":2,\"name\":\"Life &#038; biz Home\",\"item\":\"https:\/\/urskadomen.com\/si\/home\/\"},{\"@type\":\"ListItem\",\"position\":3,\"name\":\"Kontakt\"}]},{\"@type\":\"WebSite\",\"@id\":\"https:\/\/urskadomen.com\/si\/#website\",\"url\":\"https:\/\/urskadomen.com\/si\/\",\"name\":\"POROKE SPLETNA STRAN BLOG\",\"description\":\"Ur\u0161ka &amp; Domen Photography\",\"publisher\":{\"@id\":\"https:\/\/urskadomen.com\/si\/#organization\"},\"potentialAction\":[{\"@type\":\"SearchAction\",\"target\":{\"@type\":\"EntryPoint\",\"urlTemplate\":\"https:\/\/urskadomen.com\/si\/?s={search_term_string}\"},\"query-input\":{\"@type\":\"PropertyValueSpecification\",\"valueRequired\":true,\"valueName\":\"search_term_string\"}}],\"inLanguage\":\"sl-SI\"},{\"@type\":\"Organization\",\"@id\":\"https:\/\/urskadomen.com\/si\/#organization\",\"name\":\"POROKE SPLETNA STRAN BLOG\",\"url\":\"https:\/\/urskadomen.com\/si\/\",\"logo\":{\"@type\":\"ImageObject\",\"inLanguage\":\"sl-SI\",\"@id\":\"https:\/\/urskadomen.com\/si\/#\/schema\/logo\/image\/\",\"url\":\"\",\"contentUrl\":\"\",\"caption\":\"POROKE SPLETNA STRAN BLOG\"},\"image\":{\"@id\":\"https:\/\/urskadomen.com\/si\/#\/schema\/logo\/image\/\"}}]}<\/script>\n<!-- \/ Yoast SEO plugin. -->","yoast_head_json":{"title":"Kontakt | Izobra\u017eevalne vsebine za poro\u010dne fotografe","description":"Ur\u0161ka in Domen sta internacionalno nagrajena poro\u010dna fotografa, ki ustvarjata izobra\u017eevalne vsebine za poro\u010dne fotografe in poro\u010dne ponudnike.","robots":{"index":"index","follow":"follow","max-snippet":"max-snippet:-1","max-image-preview":"max-image-preview:large","max-video-preview":"max-video-preview:-1"},"canonical":"https:\/\/urskadomen.com\/si\/home\/kontakt\/","og_locale":"sl_SI","og_type":"article","og_title":"Kontakt | Izobra\u017eevalne vsebine za poro\u010dne fotografe","og_description":"Ur\u0161ka in Domen sta internacionalno nagrajena poro\u010dna fotografa, ki ustvarjata izobra\u017eevalne vsebine za poro\u010dne fotografe in poro\u010dne ponudnike.","og_url":"https:\/\/urskadomen.com\/si\/home\/kontakt\/","og_site_name":"POROKE SPLETNA STRAN BLOG","article_modified_time":"2022-05-11T15:30:11+00:00","twitter_card":"summary_large_image","schema":{"@context":"https:\/\/schema.org","@graph":[{"@type":"WebPage","@id":"https:\/\/urskadomen.com\/si\/home\/kontakt\/","url":"https:\/\/urskadomen.com\/si\/home\/kontakt\/","name":"Kontakt | Izobra\u017eevalne vsebine za poro\u010dne fotografe","isPartOf":{"@id":"https:\/\/urskadomen.com\/si\/#website"},"datePublished":"2022-02-22T10:36:25+00:00","dateModified":"2022-05-11T15:30:11+00:00","description":"Ur\u0161ka in Domen sta internacionalno nagrajena poro\u010dna fotografa, ki ustvarjata izobra\u017eevalne vsebine za poro\u010dne fotografe in poro\u010dne ponudnike.","breadcrumb":{"@id":"https:\/\/urskadomen.com\/si\/home\/kontakt\/#breadcrumb"},"inLanguage":"sl-SI","potentialAction":[{"@type":"ReadAction","target":["https:\/\/urskadomen.com\/si\/home\/kontakt\/"]}]},{"@type":"BreadcrumbList","@id":"https:\/\/urskadomen.com\/si\/home\/kontakt\/#breadcrumb","itemListElement":[{"@type":"ListItem","position":1,"name":"Home","item":"https:\/\/urskadomen.com\/si\/"},{"@type":"ListItem","position":2,"name":"Life &#038; biz Home","item":"https:\/\/urskadomen.com\/si\/home\/"},{"@type":"ListItem","position":3,"name":"Kontakt"}]},{"@type":"WebSite","@id":"https:\/\/urskadomen.com\/si\/#website","url":"https:\/\/urskadomen.com\/si\/","name":"POROKE SPLETNA STRAN BLOG","description":"Ur\u0161ka &amp; Domen Photography","publisher":{"@id":"https:\/\/urskadomen.com\/si\/#organization"},"potentialAction":[{"@type":"SearchAction","target":{"@type":"EntryPoint","urlTemplate":"https:\/\/urskadomen.com\/si\/?s={search_term_string}"},"query-input":{"@type":"PropertyValueSpecification","valueRequired":true,"valueName":"search_term_string"}}],"inLanguage":"sl-SI"},{"@type":"Organization","@id":"https:\/\/urskadomen.com\/si\/#organization","name":"POROKE SPLETNA STRAN BLOG","url":"https:\/\/urskadomen.com\/si\/","logo":{"@type":"ImageObject","inLanguage":"sl-SI","@id":"https:\/\/urskadomen.com\/si\/#\/schema\/logo\/image\/","url":"","contentUrl":"","caption":"POROKE SPLETNA STRAN BLOG"},"image":{"@id":"https:\/\/urskadomen.com\/si\/#\/schema\/logo\/image\/"}}]}},"taxonomy_info":[],"featured_image_src_large":false,"author_info":{"display_name":"Urska","author_link":"https:\/\/urskadomen.com\/si\/author\/urska\/"},"comment_info":0,"_links":{"self":[{"href":"https:\/\/urskadomen.com\/si\/wp-json\/wp\/v2\/pages\/19","targetHints":{"allow":["GET"]}}],"collection":[{"href":"https:\/\/urskadomen.com\/si\/wp-json\/wp\/v2\/pages"}],"about":[{"href":"https:\/\/urskadomen.com\/si\/wp-json\/wp\/v2\/types\/page"}],"author":[{"embeddable":true,"href":"https:\/\/urskadomen.com\/si\/wp-json\/wp\/v2\/users\/2"}],"replies":[{"embeddable":true,"href":"https:\/\/urskadomen.com\/si\/wp-json\/wp\/v2\/comments?post=19"}],"version-history":[{"count":14,"href":"https:\/\/urskadomen.com\/si\/wp-json\/wp\/v2\/pages\/19\/revisions"}],"predecessor-version":[{"id":53871,"href":"https:\/\/urskadomen.com\/si\/wp-json\/wp\/v2\/pages\/19\/revisions\/53871"}],"up":[{"embeddable":true,"href":"https:\/\/urskadomen.com\/si\/wp-json\/wp\/v2\/pages\/51729"}],"wp:attachment":[{"href":"https:\/\/urskadomen.com\/si\/wp-json\/wp\/v2\/media?parent=19"}],"wp:term":[{"taxonomy":"folder","embeddable":true,"href":"https:\/\/urskadomen.com\/si\/wp-json\/wp\/v2\/folder?post=19"}],"curies":[{"name":"wp","href":"https:\/\/api.w.org\/{rel}","templated":true}]}}