{"id":40,"date":"2022-02-22T16:16:34","date_gmt":"2022-02-22T15:16:34","guid":{"rendered":"https:\/\/urskadomen.com\/en\/?page_id=40"},"modified":"2022-05-23T11:37:38","modified_gmt":"2022-05-23T11:37:38","slug":"najljubse-stvari","status":"publish","type":"page","link":"https:\/\/urskadomen.com\/si\/najljubse-stvari\/","title":{"rendered":"Favourites"},"content":{"rendered":"\r\n<p class=\"wp-block-flo-flo-flex-builder flo-render\"><\/p>\r\n\r\n\r\n\r\n<p class=\"wp-block-flo-flo-flex-builder flo-render\"><\/p>\r\n\r\n\r\n\r\n<p class=\"wp-block-flo-flo-flex-builder flo-render\"><\/p>\r\n\r\n\r\n\r\n<p class=\"wp-block-flo-flo-flex-builder flo-render\"><\/p>\r\n\r\n\r\n\r\n<p class=\"wp-block-flo-flo-flex-builder flo-render\"><\/p>\r\n\r\n\r\n\r\n<p><\/p>\r\n","protected":false},"excerpt":{"rendered":"","protected":false},"author":2,"featured_media":0,"parent":0,"menu_order":0,"comment_status":"closed","ping_status":"closed","template":"","meta":{"_acf_changed":false,"_kad_blocks_custom_css":"","_kad_blocks_head_custom_js":"","_kad_blocks_body_custom_js":"","_kad_blocks_footer_custom_js":"","_kadence_starter_templates_imported_post":false,"_kad_post_transparent":"","_kad_post_title":"","_kad_post_layout":"","_kad_post_sidebar_id":"","_kad_post_content_style":"","_kad_post_vertical_padding":"","_kad_post_feature":"","_kad_post_feature_position":"","_kad_post_header":false,"_kad_post_footer":false,"_kad_post_classname":"","footnotes":""},"folder":[195],"class_list":["post-40","page","type-page","status-publish","hentry"],"acf":[],"yoast_head":"<!-- This site is optimized with the Yoast SEO plugin v27.1.1 - https:\/\/yoast.com\/product\/yoast-seo-wordpress\/ -->\n<title>Najljub\u0161e aplikacije in oprema za poro\u010dne fotografe<\/title>\n<meta name=\"description\" content=\"Na enem mestu sva zbrala najine najljub\u0161e in nepogre\u0161ljive aplikacije, ki jih uporabljava kot poro\u010dna fotografa ter najino fotografsko opremo, ki jo najdete v najini torbi.\" \/>\n<meta name=\"robots\" content=\"index, follow, max-snippet:-1, max-image-preview:large, max-video-preview:-1\" \/>\n<link rel=\"canonical\" href=\"https:\/\/urskadomen.com\/si\/najljubse-stvari\/\" \/>\n<meta property=\"og:locale\" content=\"sl_SI\" \/>\n<meta property=\"og:type\" content=\"article\" \/>\n<meta property=\"og:title\" content=\"Najljub\u0161e aplikacije in oprema za poro\u010dne fotografe\" \/>\n<meta property=\"og:description\" content=\"Na enem mestu sva zbrala najine najljub\u0161e in nepogre\u0161ljive aplikacije, ki jih uporabljava kot poro\u010dna fotografa ter najino fotografsko opremo, ki jo najdete v najini torbi.\" \/>\n<meta property=\"og:url\" content=\"https:\/\/urskadomen.com\/si\/najljubse-stvari\/\" \/>\n<meta property=\"og:site_name\" content=\"POROKE SPLETNA STRAN BLOG\" \/>\n<meta property=\"article:modified_time\" content=\"2022-05-23T11:37:38+00:00\" \/>\n<meta name=\"twitter:card\" content=\"summary_large_image\" \/>\n<script type=\"application\/ld+json\" class=\"yoast-schema-graph\">{\"@context\":\"https:\/\/schema.org\",\"@graph\":[{\"@type\":\"WebPage\",\"@id\":\"https:\/\/urskadomen.com\/si\/najljubse-stvari\/\",\"url\":\"https:\/\/urskadomen.com\/si\/najljubse-stvari\/\",\"name\":\"Najljub\u0161e aplikacije in oprema za poro\u010dne fotografe\",\"isPartOf\":{\"@id\":\"https:\/\/urskadomen.com\/si\/#website\"},\"datePublished\":\"2022-02-22T15:16:34+00:00\",\"dateModified\":\"2022-05-23T11:37:38+00:00\",\"description\":\"Na enem mestu sva zbrala najine najljub\u0161e in nepogre\u0161ljive aplikacije, ki jih uporabljava kot poro\u010dna fotografa ter najino fotografsko opremo, ki jo najdete v najini torbi.\",\"breadcrumb\":{\"@id\":\"https:\/\/urskadomen.com\/si\/najljubse-stvari\/#breadcrumb\"},\"inLanguage\":\"sl-SI\",\"potentialAction\":[{\"@type\":\"ReadAction\",\"target\":[\"https:\/\/urskadomen.com\/si\/najljubse-stvari\/\"]}]},{\"@type\":\"BreadcrumbList\",\"@id\":\"https:\/\/urskadomen.com\/si\/najljubse-stvari\/#breadcrumb\",\"itemListElement\":[{\"@type\":\"ListItem\",\"position\":1,\"name\":\"Home\",\"item\":\"https:\/\/urskadomen.com\/si\/\"},{\"@type\":\"ListItem\",\"position\":2,\"name\":\"Favourites\"}]},{\"@type\":\"WebSite\",\"@id\":\"https:\/\/urskadomen.com\/si\/#website\",\"url\":\"https:\/\/urskadomen.com\/si\/\",\"name\":\"POROKE SPLETNA STRAN BLOG\",\"description\":\"Ur\u0161ka &amp; Domen Photography\",\"publisher\":{\"@id\":\"https:\/\/urskadomen.com\/si\/#organization\"},\"potentialAction\":[{\"@type\":\"SearchAction\",\"target\":{\"@type\":\"EntryPoint\",\"urlTemplate\":\"https:\/\/urskadomen.com\/si\/?s={search_term_string}\"},\"query-input\":{\"@type\":\"PropertyValueSpecification\",\"valueRequired\":true,\"valueName\":\"search_term_string\"}}],\"inLanguage\":\"sl-SI\"},{\"@type\":\"Organization\",\"@id\":\"https:\/\/urskadomen.com\/si\/#organization\",\"name\":\"POROKE SPLETNA STRAN BLOG\",\"url\":\"https:\/\/urskadomen.com\/si\/\",\"logo\":{\"@type\":\"ImageObject\",\"inLanguage\":\"sl-SI\",\"@id\":\"https:\/\/urskadomen.com\/si\/#\/schema\/logo\/image\/\",\"url\":\"\",\"contentUrl\":\"\",\"caption\":\"POROKE SPLETNA STRAN BLOG\"},\"image\":{\"@id\":\"https:\/\/urskadomen.com\/si\/#\/schema\/logo\/image\/\"}}]}<\/script>\n<!-- \/ Yoast SEO plugin. -->","yoast_head_json":{"title":"Najljub\u0161e aplikacije in oprema za poro\u010dne fotografe","description":"Na enem mestu sva zbrala najine najljub\u0161e in nepogre\u0161ljive aplikacije, ki jih uporabljava kot poro\u010dna fotografa ter najino fotografsko opremo, ki jo najdete v najini torbi.","robots":{"index":"index","follow":"follow","max-snippet":"max-snippet:-1","max-image-preview":"max-image-preview:large","max-video-preview":"max-video-preview:-1"},"canonical":"https:\/\/urskadomen.com\/si\/najljubse-stvari\/","og_locale":"sl_SI","og_type":"article","og_title":"Najljub\u0161e aplikacije in oprema za poro\u010dne fotografe","og_description":"Na enem mestu sva zbrala najine najljub\u0161e in nepogre\u0161ljive aplikacije, ki jih uporabljava kot poro\u010dna fotografa ter najino fotografsko opremo, ki jo najdete v najini torbi.","og_url":"https:\/\/urskadomen.com\/si\/najljubse-stvari\/","og_site_name":"POROKE SPLETNA STRAN BLOG","article_modified_time":"2022-05-23T11:37:38+00:00","twitter_card":"summary_large_image","schema":{"@context":"https:\/\/schema.org","@graph":[{"@type":"WebPage","@id":"https:\/\/urskadomen.com\/si\/najljubse-stvari\/","url":"https:\/\/urskadomen.com\/si\/najljubse-stvari\/","name":"Najljub\u0161e aplikacije in oprema za poro\u010dne fotografe","isPartOf":{"@id":"https:\/\/urskadomen.com\/si\/#website"},"datePublished":"2022-02-22T15:16:34+00:00","dateModified":"2022-05-23T11:37:38+00:00","description":"Na enem mestu sva zbrala najine najljub\u0161e in nepogre\u0161ljive aplikacije, ki jih uporabljava kot poro\u010dna fotografa ter najino fotografsko opremo, ki jo najdete v najini torbi.","breadcrumb":{"@id":"https:\/\/urskadomen.com\/si\/najljubse-stvari\/#breadcrumb"},"inLanguage":"sl-SI","potentialAction":[{"@type":"ReadAction","target":["https:\/\/urskadomen.com\/si\/najljubse-stvari\/"]}]},{"@type":"BreadcrumbList","@id":"https:\/\/urskadomen.com\/si\/najljubse-stvari\/#breadcrumb","itemListElement":[{"@type":"ListItem","position":1,"name":"Home","item":"https:\/\/urskadomen.com\/si\/"},{"@type":"ListItem","position":2,"name":"Favourites"}]},{"@type":"WebSite","@id":"https:\/\/urskadomen.com\/si\/#website","url":"https:\/\/urskadomen.com\/si\/","name":"POROKE SPLETNA STRAN BLOG","description":"Ur\u0161ka &amp; Domen Photography","publisher":{"@id":"https:\/\/urskadomen.com\/si\/#organization"},"potentialAction":[{"@type":"SearchAction","target":{"@type":"EntryPoint","urlTemplate":"https:\/\/urskadomen.com\/si\/?s={search_term_string}"},"query-input":{"@type":"PropertyValueSpecification","valueRequired":true,"valueName":"search_term_string"}}],"inLanguage":"sl-SI"},{"@type":"Organization","@id":"https:\/\/urskadomen.com\/si\/#organization","name":"POROKE SPLETNA STRAN BLOG","url":"https:\/\/urskadomen.com\/si\/","logo":{"@type":"ImageObject","inLanguage":"sl-SI","@id":"https:\/\/urskadomen.com\/si\/#\/schema\/logo\/image\/","url":"","contentUrl":"","caption":"POROKE SPLETNA STRAN BLOG"},"image":{"@id":"https:\/\/urskadomen.com\/si\/#\/schema\/logo\/image\/"}}]}},"taxonomy_info":[],"featured_image_src_large":false,"author_info":{"display_name":"Urska","author_link":"https:\/\/urskadomen.com\/si\/author\/urska\/"},"comment_info":0,"_links":{"self":[{"href":"https:\/\/urskadomen.com\/si\/wp-json\/wp\/v2\/pages\/40","targetHints":{"allow":["GET"]}}],"collection":[{"href":"https:\/\/urskadomen.com\/si\/wp-json\/wp\/v2\/pages"}],"about":[{"href":"https:\/\/urskadomen.com\/si\/wp-json\/wp\/v2\/types\/page"}],"author":[{"embeddable":true,"href":"https:\/\/urskadomen.com\/si\/wp-json\/wp\/v2\/users\/2"}],"replies":[{"embeddable":true,"href":"https:\/\/urskadomen.com\/si\/wp-json\/wp\/v2\/comments?post=40"}],"version-history":[{"count":10,"href":"https:\/\/urskadomen.com\/si\/wp-json\/wp\/v2\/pages\/40\/revisions"}],"predecessor-version":[{"id":53903,"href":"https:\/\/urskadomen.com\/si\/wp-json\/wp\/v2\/pages\/40\/revisions\/53903"}],"wp:attachment":[{"href":"https:\/\/urskadomen.com\/si\/wp-json\/wp\/v2\/media?parent=40"}],"wp:term":[{"taxonomy":"folder","embeddable":true,"href":"https:\/\/urskadomen.com\/si\/wp-json\/wp\/v2\/folder?post=40"}],"curies":[{"name":"wp","href":"https:\/\/api.w.org\/{rel}","templated":true}]}}