{"id":4356,"date":"2018-10-09T13:08:52","date_gmt":"2018-10-09T13:08:52","guid":{"rendered":"https:\/\/urskadomen.com\/?page_id=4356"},"modified":"2021-05-28T09:59:28","modified_gmt":"2021-05-28T09:59:28","slug":"politika-piskotkov","status":"publish","type":"page","link":"https:\/\/urskadomen.com\/si\/politika-piskotkov\/","title":{"rendered":"Politika piskotkov"},"content":{"rendered":"<p><strong>POLITIKA O PI\u0160KOTKIH<\/strong><\/p>\n<p>Zadnja sprememba 21.05.2018<\/p>\n<p>Domen Kol\u0161ek, s.p. in Ur\u0161ka Majer s.p.(\u00bbmi\u00ab, \u00bbna\u0161i\u00ab) uporablja pi\u0161kotke na&nbsp;<a href=\"http:\/\/www.urskadomen.si\/\">www.urskadomen.si<\/a>&nbsp;in na www.urskadomen.com (poimenovano \u00bbStoritve\u00ab). Z uporabo Storitev se strinjate z uporabo pi\u0161kotkov.<\/p>\n<p>Na\u0161a Politika o Pi\u0161kotkih razlo\u017ei kaj pi\u0161kotki so, kako jih uporabljamo, kako druga podjetja s katerimi bomo morda poslovali uporabljajo pi\u0161kotke na na\u0161i Storitvi, va\u0161a izbira glede pi\u0161kotkov in ostale informacije glede pi\u0161kotkov.<\/p>\n<p>Pi\u0161kotki so majhni deli besedila, ki jih po\u0161lje va\u0161 brskalnik iz spletne strani, ki jo obi\u0161\u010dete. Pi\u0161kotek je datoteka, ki se shrani v va\u0161 brskalnik in ki dovoljuje Storitvam ali tretjim strankam(vti\u010dnikom), da vas prepoznajo in da vam olaj\u0161ajo va\u0161 naslednji obisk oziroma ga naredijo bolj uporabnega.<\/p>\n<p>Pi\u0161kotek je lahko trajen ali sejni pi\u0161kotek.<\/p>\n<p><strong>KAKO UPORABLJAMO PI\u0160KOTKE<\/strong><\/p>\n<p>Ko uporabljate ali dostopate do na\u0161e Storitve lahko v va\u0161 spletni brskalnik dostavimo ve\u010d datotek pi\u0161kotkov. Pi\u0161kotke uporabljamo za naslednje namene:<\/p>\n<ul>\n<li>Normalno delovanje spletnega mesta \u2013 na\u0161a Storitev temelji na WordPressu, ki zahteva dolo\u010dene pi\u0161kotke, da lahko deluje pravilno. Ti pi\u0161kotki ne shranjujejo nobenih osebnih podatkov in ne morete onemogo\u010diti teh pi\u0161kotkov, ker so potrebni za normalno delovanje na\u0161e spletne strani oziroma Storitev.<\/li>\n<li>Izkju\u010ditev pi\u0161kotkov \u2013 brskalnik lahko nastavite, da ne sprejema pi\u0161kotkov, vendar lahko to omeji va\u0161o zmo\u017enost uporabo Storitev.<\/li>\n<\/ul>\n<p><strong>PI\u0160KOTKI NA NA\u0160I SPLETNI STRANI<\/strong><\/p>\n<table width=\"987\">\n<tbody>\n<tr>\n<td width=\"151\">IME PI\u0160KOTKA<\/td>\n<td width=\"151\">KAJ SHRANJUJE<\/td>\n<td width=\"151\">KDAJ POTE\u010cE<\/td>\n<td width=\"151\">OPIS<\/td>\n<\/tr>\n<tr>\n<td width=\"151\">wordpress_test_cookie<\/td>\n<td width=\"151\">Tekst \u00bbWP Cookie Check\u00ab<\/td>\n<td width=\"151\">Je sejni pi\u0161kotek, izbrisan takoj, ko zaprete brskalnik.<\/td>\n<td width=\"151\">WordPress nastavi ta pi\u0161kotek, ko odprete stran za prijavo v administracijske strani. Pi\u0161kotek se uporablja za preverjanje ali va\u0161 spletni brskalnik omogo\u010da ali zavra\u010da pi\u0161kotke.<\/td>\n<\/tr>\n<\/tbody>\n<\/table>\n<table class=\"tableBorder\" width=\"100%\" cellspacing=\"0\" cellpadding=\"8\">\n<tbody>\n<tr>\n<td><em><strong>Ime pi\u0161kotka<\/strong><\/em><\/td>\n<td><em><strong>Namen<\/strong><\/em><\/td>\n<td><em><strong>Trajanje<\/strong><\/em><\/td>\n<td><em><strong>Izvor<\/strong><\/em><\/td>\n<\/tr>\n<tr>\n<td>\n<h3><em style=\"font-size: 16px\">cookie_notice_accepted<\/em><\/h3>\n<\/td>\n<td><em>Pi\u0161kotek se uporablja za shranjevanje odlo\u010ditve glede sprejema\/zavrnitve pi\u0161kotka in ne shranjuje osebnih podatkov.<br>\n<\/em><\/td>\n<td><em>1 uro<\/em><\/td>\n<td><em>urskadomen.com<\/em><\/td>\n<\/tr>\n<\/tbody>\n<\/table>\n<h3><\/h3>\n<h3><em style=\"font-size: 16px\">Spletna stran uporablja sistemski pi\u0161kotek, ki je potreben za za\u0161\u010dito spletne strani:<\/em><\/h3>\n<table class=\"tableBorder\" width=\"100%\" cellspacing=\"0\" cellpadding=\"8\">\n<tbody>\n<tr>\n<td><em><strong>Ime pi\u0161kotka<\/strong><\/em><\/td>\n<td><em><strong>Namen<\/strong><\/em><\/td>\n<td><em><strong>Trajanje<\/strong><\/em><\/td>\n<td><em><strong>Izvor<\/strong><\/em><\/td>\n<\/tr>\n<tr>\n<td><em>PH_HPXY_CHECK<\/em><\/td>\n<td><em>Pi\u0161kotek uporablja varnostni sistem za prepre\u010devanje brute foce napadov in ne omogo\u010da identifikacije posameznega uporabnika.<br>\n<\/em><\/td>\n<td><em>Do zaprtja seje<\/em><\/td>\n<td><em>urskadomen.com<\/em><\/td>\n<\/tr>\n<\/tbody>\n<\/table>\n<p><strong>ANALITIKA<\/strong><\/p>\n<p>Za spletno analitiko uporabljamo Matomo, ki ne uporablja pi\u0161kotkov in tako pi\u0161kotkov ne nalo\u017ei v va\u0161 brskalnik. IP naslovi, ki so shranjeni imajo zadnji bajt anonimiziran.<\/p>\n<p><strong>ODSTRANJEVANJE PI\u0160KOTKOV<\/strong><\/p>\n<p>Pi\u0161kotke lahko odstranite iz ra\u010dunalnika, tako da odprete zgodovino brskalnika in po\u010distite vse pi\u0161kotke. Preberite kako odstraniti pi\u0161kotke v&nbsp;<a href=\"https:\/\/support.google.com\/chrome\/answer\/95647?co=GENIE.Platform%3DDesktop&amp;hl=sl\">brskalniku Chrome tukaj<\/a>.<\/p>\n<p>\u010ce \u017eelite izbrisati pi\u0161kotke ali dati navodila va\u0161emu brskalniku da izbri\u0161e oziroma zavrne pi\u0161kotke obi\u0161\u010dite spletno stran za pomo\u010d va\u0161ega brskalnika.<\/p>\n<p>Upo\u0161tevajte, da \u010de izbri\u0161ete pi\u0161kotke ali jih zavrnete, morda ne boste mogli uporabljati vseh funkcij, ki vam jih ponujamo, morda ne boste mogli shraniti svojih nastavitev, nekatere strani pa morda ne bodo pravilno prikazane.<\/p>\n<p>To Politiko Pi\u0161kotkov lahko ob\u010dasno spremenimo in najnovej\u0161a razli\u010dica bo objavljena na na\u0161i spletni strani.<\/p>\n\n","protected":false},"excerpt":{"rendered":"<p>POLITIKA O PI\u0160KOTKIH Zadnja sprememba 21.05.2018 Domen Kol\u0161ek, s.p. in Ur\u0161ka Majer s.p.(\u00bbmi\u00ab, \u00bbna\u0161i\u00ab) uporablja pi\u0161kotke na&nbsp;www.urskadomen.si&nbsp;in na www.urskadomen.com (poimenovano \u00bbStoritve\u00ab). Z uporabo Storitev se strinjate z uporabo pi\u0161kotkov. Na\u0161a Politika o Pi\u0161kotkih razlo\u017ei kaj pi\u0161kotki so, kako jih uporabljamo, kako druga podjetja s katerimi bomo morda poslovali uporabljajo pi\u0161kotke na na\u0161i Storitvi, va\u0161a izbira&#8230;<\/p>\n","protected":false},"author":1,"featured_media":0,"parent":0,"menu_order":0,"comment_status":"closed","ping_status":"closed","template":"","meta":{"_acf_changed":false,"_kad_blocks_custom_css":"","_kad_blocks_head_custom_js":"","_kad_blocks_body_custom_js":"","_kad_blocks_footer_custom_js":"","_kadence_starter_templates_imported_post":false,"_kad_post_transparent":"","_kad_post_title":"","_kad_post_layout":"","_kad_post_sidebar_id":"","_kad_post_content_style":"","_kad_post_vertical_padding":"","_kad_post_feature":"","_kad_post_feature_position":"","_kad_post_header":false,"_kad_post_footer":false,"_kad_post_classname":"","footnotes":""},"folder":[],"class_list":["post-4356","page","type-page","status-publish","hentry"],"acf":[],"yoast_head":"<!-- This site is optimized with the Yoast SEO plugin v27.1.1 - https:\/\/yoast.com\/product\/yoast-seo-wordpress\/ -->\n<title>Politika pi\u0161kotkov | Poro\u010dni fotograf | Ur\u0161ka &amp; Domen Photography<\/title>\n<meta name=\"description\" content=\"Poro\u010dna fotografa Ur\u0161ka in Domen fotografirata poro\u010dne zgodbe na preprost, spro\u0161\u010den in pristen na\u010din, da ujameta celotno zgodbo v krasen kon\u010dni izdelek.\" \/>\n<meta name=\"robots\" content=\"index, follow, max-snippet:-1, max-image-preview:large, max-video-preview:-1\" \/>\n<link rel=\"canonical\" href=\"https:\/\/urskadomen.com\/si\/politika-piskotkov\/\" \/>\n<meta property=\"og:locale\" content=\"sl_SI\" \/>\n<meta property=\"og:type\" content=\"article\" \/>\n<meta property=\"og:title\" content=\"Politika pi\u0161kotkov | Poro\u010dni fotograf | Ur\u0161ka &amp; Domen Photography\" \/>\n<meta property=\"og:description\" content=\"Poro\u010dna fotografa Ur\u0161ka in Domen fotografirata poro\u010dne zgodbe na preprost, spro\u0161\u010den in pristen na\u010din, da ujameta celotno zgodbo v krasen kon\u010dni izdelek.\" \/>\n<meta property=\"og:url\" content=\"https:\/\/urskadomen.com\/si\/politika-piskotkov\/\" \/>\n<meta property=\"og:site_name\" content=\"POROKE SPLETNA STRAN BLOG\" \/>\n<meta property=\"article:modified_time\" content=\"2021-05-28T09:59:28+00:00\" \/>\n<meta name=\"twitter:card\" content=\"summary_large_image\" \/>\n<meta name=\"twitter:label1\" content=\"Est. reading time\" \/>\n\t<meta name=\"twitter:data1\" content=\"3 minute\" \/>\n<script type=\"application\/ld+json\" class=\"yoast-schema-graph\">{\"@context\":\"https:\/\/schema.org\",\"@graph\":[{\"@type\":\"WebPage\",\"@id\":\"https:\/\/urskadomen.com\/si\/politika-piskotkov\/\",\"url\":\"https:\/\/urskadomen.com\/si\/politika-piskotkov\/\",\"name\":\"Politika pi\u0161kotkov | Poro\u010dni fotograf | Ur\u0161ka & Domen Photography\",\"isPartOf\":{\"@id\":\"https:\/\/urskadomen.com\/si\/#website\"},\"datePublished\":\"2018-10-09T13:08:52+00:00\",\"dateModified\":\"2021-05-28T09:59:28+00:00\",\"description\":\"Poro\u010dna fotografa Ur\u0161ka in Domen fotografirata poro\u010dne zgodbe na preprost, spro\u0161\u010den in pristen na\u010din, da ujameta celotno zgodbo v krasen kon\u010dni izdelek.\",\"breadcrumb\":{\"@id\":\"https:\/\/urskadomen.com\/si\/politika-piskotkov\/#breadcrumb\"},\"inLanguage\":\"sl-SI\",\"potentialAction\":[{\"@type\":\"ReadAction\",\"target\":[\"https:\/\/urskadomen.com\/si\/politika-piskotkov\/\"]}]},{\"@type\":\"BreadcrumbList\",\"@id\":\"https:\/\/urskadomen.com\/si\/politika-piskotkov\/#breadcrumb\",\"itemListElement\":[{\"@type\":\"ListItem\",\"position\":1,\"name\":\"Home\",\"item\":\"https:\/\/urskadomen.com\/si\/\"},{\"@type\":\"ListItem\",\"position\":2,\"name\":\"Politika piskotkov\"}]},{\"@type\":\"WebSite\",\"@id\":\"https:\/\/urskadomen.com\/si\/#website\",\"url\":\"https:\/\/urskadomen.com\/si\/\",\"name\":\"POROKE SPLETNA STRAN BLOG\",\"description\":\"Ur\u0161ka &amp; Domen Photography\",\"publisher\":{\"@id\":\"https:\/\/urskadomen.com\/si\/#organization\"},\"potentialAction\":[{\"@type\":\"SearchAction\",\"target\":{\"@type\":\"EntryPoint\",\"urlTemplate\":\"https:\/\/urskadomen.com\/si\/?s={search_term_string}\"},\"query-input\":{\"@type\":\"PropertyValueSpecification\",\"valueRequired\":true,\"valueName\":\"search_term_string\"}}],\"inLanguage\":\"sl-SI\"},{\"@type\":\"Organization\",\"@id\":\"https:\/\/urskadomen.com\/si\/#organization\",\"name\":\"POROKE SPLETNA STRAN BLOG\",\"url\":\"https:\/\/urskadomen.com\/si\/\",\"logo\":{\"@type\":\"ImageObject\",\"inLanguage\":\"sl-SI\",\"@id\":\"https:\/\/urskadomen.com\/si\/#\/schema\/logo\/image\/\",\"url\":\"\",\"contentUrl\":\"\",\"caption\":\"POROKE SPLETNA STRAN BLOG\"},\"image\":{\"@id\":\"https:\/\/urskadomen.com\/si\/#\/schema\/logo\/image\/\"}}]}<\/script>\n<!-- \/ Yoast SEO plugin. -->","yoast_head_json":{"title":"Politika pi\u0161kotkov | Poro\u010dni fotograf | Ur\u0161ka & Domen Photography","description":"Poro\u010dna fotografa Ur\u0161ka in Domen fotografirata poro\u010dne zgodbe na preprost, spro\u0161\u010den in pristen na\u010din, da ujameta celotno zgodbo v krasen kon\u010dni izdelek.","robots":{"index":"index","follow":"follow","max-snippet":"max-snippet:-1","max-image-preview":"max-image-preview:large","max-video-preview":"max-video-preview:-1"},"canonical":"https:\/\/urskadomen.com\/si\/politika-piskotkov\/","og_locale":"sl_SI","og_type":"article","og_title":"Politika pi\u0161kotkov | Poro\u010dni fotograf | Ur\u0161ka & Domen Photography","og_description":"Poro\u010dna fotografa Ur\u0161ka in Domen fotografirata poro\u010dne zgodbe na preprost, spro\u0161\u010den in pristen na\u010din, da ujameta celotno zgodbo v krasen kon\u010dni izdelek.","og_url":"https:\/\/urskadomen.com\/si\/politika-piskotkov\/","og_site_name":"POROKE SPLETNA STRAN BLOG","article_modified_time":"2021-05-28T09:59:28+00:00","twitter_card":"summary_large_image","twitter_misc":{"Est. reading time":"3 minute"},"schema":{"@context":"https:\/\/schema.org","@graph":[{"@type":"WebPage","@id":"https:\/\/urskadomen.com\/si\/politika-piskotkov\/","url":"https:\/\/urskadomen.com\/si\/politika-piskotkov\/","name":"Politika pi\u0161kotkov | Poro\u010dni fotograf | Ur\u0161ka & Domen Photography","isPartOf":{"@id":"https:\/\/urskadomen.com\/si\/#website"},"datePublished":"2018-10-09T13:08:52+00:00","dateModified":"2021-05-28T09:59:28+00:00","description":"Poro\u010dna fotografa Ur\u0161ka in Domen fotografirata poro\u010dne zgodbe na preprost, spro\u0161\u010den in pristen na\u010din, da ujameta celotno zgodbo v krasen kon\u010dni izdelek.","breadcrumb":{"@id":"https:\/\/urskadomen.com\/si\/politika-piskotkov\/#breadcrumb"},"inLanguage":"sl-SI","potentialAction":[{"@type":"ReadAction","target":["https:\/\/urskadomen.com\/si\/politika-piskotkov\/"]}]},{"@type":"BreadcrumbList","@id":"https:\/\/urskadomen.com\/si\/politika-piskotkov\/#breadcrumb","itemListElement":[{"@type":"ListItem","position":1,"name":"Home","item":"https:\/\/urskadomen.com\/si\/"},{"@type":"ListItem","position":2,"name":"Politika piskotkov"}]},{"@type":"WebSite","@id":"https:\/\/urskadomen.com\/si\/#website","url":"https:\/\/urskadomen.com\/si\/","name":"POROKE SPLETNA STRAN BLOG","description":"Ur\u0161ka &amp; Domen Photography","publisher":{"@id":"https:\/\/urskadomen.com\/si\/#organization"},"potentialAction":[{"@type":"SearchAction","target":{"@type":"EntryPoint","urlTemplate":"https:\/\/urskadomen.com\/si\/?s={search_term_string}"},"query-input":{"@type":"PropertyValueSpecification","valueRequired":true,"valueName":"search_term_string"}}],"inLanguage":"sl-SI"},{"@type":"Organization","@id":"https:\/\/urskadomen.com\/si\/#organization","name":"POROKE SPLETNA STRAN BLOG","url":"https:\/\/urskadomen.com\/si\/","logo":{"@type":"ImageObject","inLanguage":"sl-SI","@id":"https:\/\/urskadomen.com\/si\/#\/schema\/logo\/image\/","url":"","contentUrl":"","caption":"POROKE SPLETNA STRAN BLOG"},"image":{"@id":"https:\/\/urskadomen.com\/si\/#\/schema\/logo\/image\/"}}]}},"taxonomy_info":[],"featured_image_src_large":false,"author_info":{"display_name":"urskadomen","author_link":"https:\/\/urskadomen.com\/si\/author\/urskadomen\/"},"comment_info":0,"_links":{"self":[{"href":"https:\/\/urskadomen.com\/si\/wp-json\/wp\/v2\/pages\/4356","targetHints":{"allow":["GET"]}}],"collection":[{"href":"https:\/\/urskadomen.com\/si\/wp-json\/wp\/v2\/pages"}],"about":[{"href":"https:\/\/urskadomen.com\/si\/wp-json\/wp\/v2\/types\/page"}],"author":[{"embeddable":true,"href":"https:\/\/urskadomen.com\/si\/wp-json\/wp\/v2\/users\/1"}],"replies":[{"embeddable":true,"href":"https:\/\/urskadomen.com\/si\/wp-json\/wp\/v2\/comments?post=4356"}],"version-history":[{"count":3,"href":"https:\/\/urskadomen.com\/si\/wp-json\/wp\/v2\/pages\/4356\/revisions"}],"predecessor-version":[{"id":43367,"href":"https:\/\/urskadomen.com\/si\/wp-json\/wp\/v2\/pages\/4356\/revisions\/43367"}],"wp:attachment":[{"href":"https:\/\/urskadomen.com\/si\/wp-json\/wp\/v2\/media?parent=4356"}],"wp:term":[{"taxonomy":"folder","embeddable":true,"href":"https:\/\/urskadomen.com\/si\/wp-json\/wp\/v2\/folder?post=4356"}],"curies":[{"name":"wp","href":"https:\/\/api.w.org\/{rel}","templated":true}]}}